{"id":31,"date":"2011-12-26T21:57:46","date_gmt":"2011-12-26T21:57:46","guid":{"rendered":"http:\/\/pastyrik.bplaced.net\/nwssued\/?page_id=31"},"modified":"2025-01-27T12:59:40","modified_gmt":"2025-01-27T11:59:40","slug":"impressum","status":"publish","type":"page","link":"https:\/\/pastyrik.bplaced.net\/nwssued\/?page_id=31","title":{"rendered":"Impressum"},"content":{"rendered":"<p><strong>Vorsitzender:<\/strong> Roger Bohn<\/p>\n<p><strong>Bankverbindung:<\/strong><\/p>\n<div>BIC FFVBDEFF<\/div>\n<div>Volksbank Frankfurt<\/div>\n<div>Kto DE10 5019 0000 7000 2599 63<\/div>\n<p>&nbsp;<\/p>\n<p><strong>Internetredaktion:<\/strong><br \/>\nRobert Pastyrik<br \/>\nRiedbergallee 30<br \/>\n60438 Frankfurt<\/p>\n<p>Tel.: 069\/583168<br \/>\nwebmaster@spd-frankfurt-nordwest.de<\/p>\n<p>Wir haben auf diesen Seiten Links zu anderen Seiten im Internet. F\u00fcr alle diese Links gilt, dass wir keinerlei Einfluss auf die Gestaltung und die Inhalte der gelinkten Seiten haben. Deswegen \u00fcbernehmen wir auch keinerlei Verantwortung f\u00fcr Inhalt und Gestaltung dieser Seiten. Diese Erkl\u00e4rung gilt f\u00fcr alle auf dieser Website angezeigten Links.<\/p>\n","protected":false},"excerpt":{"rendered":"<p>Vorsitzender: Roger Bohn Bankverbindung: BIC FFVBDEFF Volksbank Frankfurt Kto DE10 5019 0000 7000 2599 63 &nbsp; Internetredaktion: Robert Pastyrik Riedbergallee 30 60438 Frankfurt Tel.: 069\/583168 webmaster@spd-frankfurt-nordwest.de Wir haben auf diesen Seiten Links zu anderen Seiten im Internet. F\u00fcr alle diese &hellip; <a href=\"https:\/\/pastyrik.bplaced.net\/nwssued\/?page_id=31\">Weiterlesen <span class=\"meta-nav\">&rarr;<\/span><\/a><\/p>\n","protected":false},"author":1,"featured_media":0,"parent":0,"menu_order":0,"comment_status":"closed","ping_status":"open","template":"","meta":{"footnotes":""},"class_list":["post-31","page","type-page","status-publish","hentry"],"_links":{"self":[{"href":"https:\/\/pastyrik.bplaced.net\/nwssued\/index.php?rest_route=\/wp\/v2\/pages\/31","targetHints":{"allow":["GET"]}}],"collection":[{"href":"https:\/\/pastyrik.bplaced.net\/nwssued\/index.php?rest_route=\/wp\/v2\/pages"}],"about":[{"href":"https:\/\/pastyrik.bplaced.net\/nwssued\/index.php?rest_route=\/wp\/v2\/types\/page"}],"author":[{"embeddable":true,"href":"https:\/\/pastyrik.bplaced.net\/nwssued\/index.php?rest_route=\/wp\/v2\/users\/1"}],"replies":[{"embeddable":true,"href":"https:\/\/pastyrik.bplaced.net\/nwssued\/index.php?rest_route=%2Fwp%2Fv2%2Fcomments&post=31"}],"version-history":[{"count":9,"href":"https:\/\/pastyrik.bplaced.net\/nwssued\/index.php?rest_route=\/wp\/v2\/pages\/31\/revisions"}],"predecessor-version":[{"id":628,"href":"https:\/\/pastyrik.bplaced.net\/nwssued\/index.php?rest_route=\/wp\/v2\/pages\/31\/revisions\/628"}],"wp:attachment":[{"href":"https:\/\/pastyrik.bplaced.net\/nwssued\/index.php?rest_route=%2Fwp%2Fv2%2Fmedia&parent=31"}],"curies":[{"name":"wp","href":"https:\/\/api.w.org\/{rel}","templated":true}]}}