{"id":22,"date":"2011-12-26T21:52:18","date_gmt":"2011-12-26T21:52:18","guid":{"rendered":"http:\/\/pastyrik.bplaced.net\/nwssued\/?page_id=22"},"modified":"2025-12-16T21:01:28","modified_gmt":"2025-12-16T20:01:28","slug":"vorstand","status":"publish","type":"page","link":"https:\/\/pastyrik.bplaced.net\/nwssued\/?page_id=22","title":{"rendered":"Vorstand"},"content":{"rendered":"<p><strong>Der Vorstand des neuen SPD-Ortsvereins &#8222;SPD Nordwest&#8220;wurde am 01.04.2025 f\u00fcr zwei Jahre gew\u00e4hl. <\/strong><\/p>\n<p><strong>Vorstand 2025 &#8211; 2027<\/strong><\/p>\n<p><strong>Vorsitzender:<\/strong><\/p>\n<p>Roger Bohn<\/p>\n<p><strong>Stellvertretende Vorsitzende:<\/strong><\/p>\n<p>Stephanie Mohr-Hauke<\/p>\n<p>Robert Pastyrik<\/p>\n<p>Stefan Ziegler<\/p>\n<p><strong>Kassierer:<\/strong><\/p>\n<p>Denis Mombet<\/p>\n<p><strong>Stellvertretende Kassiererin:<\/strong><\/p>\n<p>Sandra Schmidt<\/p>\n<p><strong>Schriftf\u00fchrer:<\/strong><\/p>\n<p>Astrid Dro\u00dfmann<\/p>\n<p><strong>Stellvertretender Schriftf\u00fchrer:<\/strong><\/p>\n<p>Paul Alexander<\/p>\n<p><span style=\"color: black;\"><strong>\u00a0Beisitzende:<\/strong><\/span><\/p>\n<p>Michael Gerber<br \/>\nNele Gerber<br \/>\nFranz-Josef Hauke<br \/>\nVolkan Karaova<br \/>\nMustapha Lamjahdi<br \/>\nTanja Marx<br \/>\nManfred Rubel<br \/>\nAllegra Schmidt<br \/>\nHolger Schmidt<br \/>\nUwe Schmidt<br \/>\nNiels Schneider<br \/>\nPetra Schneider<br \/>\nGabriele Stemhildt<\/p>\n<p>&nbsp;<\/p>\n<p>&nbsp;<\/p>\n<p>Kontakt: webmaster@spd-frankfurt-nordwest.de<\/p>\n<p>&nbsp;<\/p>\n","protected":false},"excerpt":{"rendered":"<p>Der Vorstand des neuen SPD-Ortsvereins &#8222;SPD Nordwest&#8220;wurde am 01.04.2025 f\u00fcr zwei Jahre gew\u00e4hl. Vorstand 2025 &#8211; 2027 Vorsitzender: Roger Bohn Stellvertretende Vorsitzende: Stephanie Mohr-Hauke Robert Pastyrik Stefan Ziegler Kassierer: Denis Mombet Stellvertretende Kassiererin: Sandra Schmidt Schriftf\u00fchrer: Astrid Dro\u00dfmann Stellvertretender Schriftf\u00fchrer: &hellip; <a href=\"https:\/\/pastyrik.bplaced.net\/nwssued\/?page_id=22\">Weiterlesen <span class=\"meta-nav\">&rarr;<\/span><\/a><\/p>\n","protected":false},"author":1,"featured_media":0,"parent":0,"menu_order":0,"comment_status":"closed","ping_status":"open","template":"","meta":{"footnotes":""},"class_list":["post-22","page","type-page","status-publish","hentry"],"_links":{"self":[{"href":"https:\/\/pastyrik.bplaced.net\/nwssued\/index.php?rest_route=\/wp\/v2\/pages\/22","targetHints":{"allow":["GET"]}}],"collection":[{"href":"https:\/\/pastyrik.bplaced.net\/nwssued\/index.php?rest_route=\/wp\/v2\/pages"}],"about":[{"href":"https:\/\/pastyrik.bplaced.net\/nwssued\/index.php?rest_route=\/wp\/v2\/types\/page"}],"author":[{"embeddable":true,"href":"https:\/\/pastyrik.bplaced.net\/nwssued\/index.php?rest_route=\/wp\/v2\/users\/1"}],"replies":[{"embeddable":true,"href":"https:\/\/pastyrik.bplaced.net\/nwssued\/index.php?rest_route=%2Fwp%2Fv2%2Fcomments&post=22"}],"version-history":[{"count":26,"href":"https:\/\/pastyrik.bplaced.net\/nwssued\/index.php?rest_route=\/wp\/v2\/pages\/22\/revisions"}],"predecessor-version":[{"id":650,"href":"https:\/\/pastyrik.bplaced.net\/nwssued\/index.php?rest_route=\/wp\/v2\/pages\/22\/revisions\/650"}],"wp:attachment":[{"href":"https:\/\/pastyrik.bplaced.net\/nwssued\/index.php?rest_route=%2Fwp%2Fv2%2Fmedia&parent=22"}],"curies":[{"name":"wp","href":"https:\/\/api.w.org\/{rel}","templated":true}]}}